{"id":171,"date":"2022-02-10T19:32:30","date_gmt":"2022-02-10T18:32:30","guid":{"rendered":"https:\/\/o2couleurs.fr\/?page_id=171"},"modified":"2022-03-27T21:55:12","modified_gmt":"2022-03-27T19:55:12","slug":"maquillage","status":"publish","type":"page","link":"https:\/\/o2couleurs.fr\/index.php\/maquillage\/","title":{"rendered":"Maquillage"},"content":{"rendered":"\n<div class=\"wp-block-columns alignwide is-layout-flex wp-container-core-columns-is-layout-28f84493 wp-block-columns-is-layout-flex\">\n<div class=\"wp-block-column is-layout-flow wp-block-column-is-layout-flow\" style=\"flex-basis:66.66%\">\n<h2 class=\"wp-block-heading\">Maquillage naturel<\/h2>\n\n\n\n<p>Pour ce maquillage nous travaillerons une base, un fond de teint, une neutralisation et correction des cernes, une poudre libre, un blush, des fards \u00e0 paupi\u00e8res, un crayon pour les yeux, du mascara, un crayon \u00e0 l\u00e8vres et un rouge \u00e0 l\u00e8vres discret.<\/p>\n\n\n\n<p>Il saura vous mettre en avant sans changer votre personnalit\u00e9.<\/p>\n<\/div>\n\n\n\n<div class=\"wp-block-column is-layout-flow wp-block-column-is-layout-flow\" style=\"flex-basis:33.33%\">\n<div class=\"wp-block-image\"><figure class=\"alignright size-full is-resized\"><img loading=\"lazy\" decoding=\"async\" src=\"https:\/\/o2couleurs.fr\/wp-content\/uploads\/2022\/02\/maquillage1-1.png\" alt=\"\" class=\"wp-image-192\" width=\"380\" height=\"309\" srcset=\"https:\/\/o2couleurs.fr\/wp-content\/uploads\/2022\/02\/maquillage1-1.png 704w, https:\/\/o2couleurs.fr\/wp-content\/uploads\/2022\/02\/maquillage1-1-300x244.png 300w\" sizes=\"auto, (max-width: 380px) 100vw, 380px\" \/><\/figure><\/div>\n<\/div>\n<\/div>\n\n\n\n<div class=\"wp-block-columns alignwide is-layout-flex wp-container-core-columns-is-layout-28f84493 wp-block-columns-is-layout-flex\">\n<div class=\"wp-block-column is-layout-flow wp-block-column-is-layout-flow\" style=\"flex-basis:33.33%\">\n<div class=\"wp-block-image\"><figure class=\"alignleft size-full is-resized\"><img loading=\"lazy\" decoding=\"async\" src=\"https:\/\/o2couleurs.fr\/wp-content\/uploads\/2022\/02\/maquillage3.png\" alt=\"\" class=\"wp-image-206\" width=\"378\" height=\"353\" srcset=\"https:\/\/o2couleurs.fr\/wp-content\/uploads\/2022\/02\/maquillage3.png 754w, https:\/\/o2couleurs.fr\/wp-content\/uploads\/2022\/02\/maquillage3-300x280.png 300w\" sizes=\"auto, (max-width: 378px) 100vw, 378px\" \/><\/figure><\/div>\n<\/div>\n\n\n\n<div class=\"wp-block-column is-layout-flow wp-block-column-is-layout-flow\" style=\"flex-basis:66.66%\">\n<h2 class=\"wp-block-heading\" id=\"maquillage-de-soiree\">Maquillage de soir\u00e9e<\/h2>\n\n\n\n<div class=\"wp-block-group\"><div class=\"wp-block-group__inner-container is-layout-flow wp-block-group-is-layout-flow\">\n<p>Il s\u2019agit d\u2019un maquillage assez intense. Le maquillage de soir\u00e9e doit s\u2019adapter \u00e0 la lumi\u00e8re artificielle.<\/p>\n\n\n\n<p>Nous travaillerons toutes les \u00e9tapes d\u2019un maquillage naturel en insistant plus sur le teint pour le rendre lumineux malgr\u00e9 le manque de lumi\u00e8re du jour; nous appliquerons une base, un fond de teint, une neutralisation et correction des cernes, une poudre libre, un blush, des fards \u00e0 paupi\u00e8res (sachant que l\u2019un d\u2019eux devra \u00eatre du noir ou du brun fonc\u00e9 appliqu\u00e9 sur le coin externe de vos yeux pour intensifier votre regard dans la soir\u00e9e), du mascara noir, un crayon \u00e0 l\u00e8vres et du rouge \u00e0 l\u00e8vres avec ou sans gloss.<\/p>\n\n\n\n<p>Parfait pour vos soir\u00e9es festives, galas, simples sorties entre amies.<\/p>\n<\/div><\/div>\n<\/div>\n<\/div>\n\n\n\n<div class=\"wp-block-columns alignwide is-layout-flex wp-container-core-columns-is-layout-28f84493 wp-block-columns-is-layout-flex\">\n<div class=\"wp-block-column is-layout-flow wp-block-column-is-layout-flow\" style=\"flex-basis:66.66%\">\n<h2 class=\"wp-block-heading\" id=\"maquillage-artistique\">Maquillage artistique<\/h2>\n\n\n\n<p class=\"has-text-align-left\">Pour Halloween, le th\u00e9\u00e2tre, une soir\u00e9e d\u00e9guis\u00e9e, le cin\u00e9ma, ce type de maquillage est adapt\u00e9 en fonction de vos besoins.<\/p>\n<\/div>\n\n\n\n<div class=\"wp-block-column is-layout-flow wp-block-column-is-layout-flow\" style=\"flex-basis:33.33%\">\n<div class=\"wp-block-image\"><figure class=\"alignright size-full is-resized\"><img loading=\"lazy\" decoding=\"async\" src=\"https:\/\/o2couleurs.fr\/wp-content\/uploads\/2022\/02\/Sans-titre.png\" alt=\"\" class=\"wp-image-215\" width=\"217\" height=\"304\" srcset=\"https:\/\/o2couleurs.fr\/wp-content\/uploads\/2022\/02\/Sans-titre.png 388w, https:\/\/o2couleurs.fr\/wp-content\/uploads\/2022\/02\/Sans-titre-215x300.png 215w\" sizes=\"auto, (max-width: 217px) 100vw, 217px\" \/><\/figure><\/div>\n<\/div>\n<\/div>\n\n\n\n<div class=\"wp-block-columns alignwide is-layout-flex wp-container-core-columns-is-layout-28f84493 wp-block-columns-is-layout-flex\">\n<div class=\"wp-block-column is-layout-flow wp-block-column-is-layout-flow\" style=\"flex-basis:33.33%\">\n<div class=\"wp-block-image\"><figure class=\"alignleft size-large is-resized\"><img loading=\"lazy\" decoding=\"async\" src=\"https:\/\/o2couleurs.fr\/wp-content\/uploads\/2022\/02\/Sans-titre-1-797x1024.png\" alt=\"\" class=\"wp-image-217\" width=\"321\" height=\"412\" srcset=\"https:\/\/o2couleurs.fr\/wp-content\/uploads\/2022\/02\/Sans-titre-1-797x1024.png 797w, https:\/\/o2couleurs.fr\/wp-content\/uploads\/2022\/02\/Sans-titre-1-234x300.png 234w, https:\/\/o2couleurs.fr\/wp-content\/uploads\/2022\/02\/Sans-titre-1-768x986.png 768w, https:\/\/o2couleurs.fr\/wp-content\/uploads\/2022\/02\/Sans-titre-1.png 1076w\" sizes=\"auto, (max-width: 321px) 100vw, 321px\" \/><\/figure><\/div>\n<\/div>\n\n\n\n<div class=\"wp-block-column is-layout-flow wp-block-column-is-layout-flow\" style=\"flex-basis:66.66%\">\n<h2 class=\"wp-block-heading\" id=\"maquillage-de-mariee\">Maquillage de mari\u00e9e<\/h2>\n\n\n\n<p>Vous avez trouv\u00e9 votre robe de mari\u00e9e, votre coiffure, il ne manque plus que votre maquillage adapt\u00e9 \u00e0 votre style mais aussi \u00e0 votre th\u00e8me de mariage.<\/p>\n\n\n\n<p>La formule essai plus jour J nous permet d\u2019\u00e9tudier ensemble votre souhait en maquillage . Nous prendrons en compte la couleur de vos yeux, votre grain de peau, la couleur de vos cheveux, de votre robe\u2026<\/p>\n<\/div>\n<\/div>\n","protected":false},"excerpt":{"rendered":"<p>Maquillage naturel Pour ce maquillage nous travaillerons une base, un fond de teint, une neutralisation et correction des cernes, une poudre libre, un blush, des fards \u00e0 paupi\u00e8res, un crayon pour les yeux, du mascara, un crayon \u00e0 l\u00e8vres et un rouge \u00e0 l\u00e8vres discret. Il saura vous mettre en [&hellip;]<\/p>\n","protected":false},"author":1,"featured_media":123,"parent":0,"menu_order":0,"comment_status":"closed","ping_status":"closed","template":"page-templates\/template-fullwidth.php","meta":{"ngg_post_thumbnail":0,"footnotes":""},"class_list":["post-171","page","type-page","status-publish","has-post-thumbnail","hentry"],"yoast_head":"<!-- This site is optimized with the Yoast SEO plugin v27.2 - https:\/\/yoast.com\/product\/yoast-seo-wordpress\/ -->\n<title>Maquillage - \u00d42 COULEURS<\/title>\n<meta name=\"robots\" content=\"index, follow, max-snippet:-1, max-image-preview:large, max-video-preview:-1\" \/>\n<link rel=\"canonical\" href=\"https:\/\/o2couleurs.fr\/index.php\/maquillage\/\" \/>\n<meta property=\"og:locale\" content=\"en_US\" \/>\n<meta property=\"og:type\" content=\"article\" \/>\n<meta property=\"og:title\" content=\"Maquillage - \u00d42 COULEURS\" \/>\n<meta property=\"og:description\" content=\"Maquillage naturel Pour ce maquillage nous travaillerons une base, un fond de teint, une neutralisation et correction des cernes, une poudre libre, un blush, des fards \u00e0 paupi\u00e8res, un crayon pour les yeux, du mascara, un crayon \u00e0 l\u00e8vres et un rouge \u00e0 l\u00e8vres discret. Il saura vous mettre en [&hellip;]\" \/>\n<meta property=\"og:url\" content=\"https:\/\/o2couleurs.fr\/index.php\/maquillage\/\" \/>\n<meta property=\"og:site_name\" content=\"\u00d42 COULEURS\" \/>\n<meta property=\"article:publisher\" content=\"https:\/\/www.facebook.com\/O2Couleurs\" \/>\n<meta property=\"article:modified_time\" content=\"2022-03-27T19:55:12+00:00\" \/>\n<meta property=\"og:image\" content=\"https:\/\/o2couleurs.fr\/wp-content\/uploads\/2022\/02\/makeup-ga390d1acd_1920-1.jpg\" \/>\n\t<meta property=\"og:image:width\" content=\"1920\" \/>\n\t<meta property=\"og:image:height\" content=\"1080\" \/>\n\t<meta property=\"og:image:type\" content=\"image\/jpeg\" \/>\n<meta name=\"twitter:card\" content=\"summary_large_image\" \/>\n<meta name=\"twitter:label1\" content=\"Est. reading time\" \/>\n\t<meta name=\"twitter:data1\" content=\"1 minute\" \/>\n<script type=\"application\/ld+json\" class=\"yoast-schema-graph\">{\"@context\":\"https:\/\/schema.org\",\"@graph\":[{\"@type\":\"WebPage\",\"@id\":\"https:\/\/o2couleurs.fr\/index.php\/maquillage\/\",\"url\":\"https:\/\/o2couleurs.fr\/index.php\/maquillage\/\",\"name\":\"Maquillage - \u00d42 COULEURS\",\"isPartOf\":{\"@id\":\"https:\/\/o2couleurs.fr\/#website\"},\"primaryImageOfPage\":{\"@id\":\"https:\/\/o2couleurs.fr\/index.php\/maquillage\/#primaryimage\"},\"image\":{\"@id\":\"https:\/\/o2couleurs.fr\/index.php\/maquillage\/#primaryimage\"},\"thumbnailUrl\":\"https:\/\/o2couleurs.fr\/wp-content\/uploads\/2022\/02\/makeup-ga390d1acd_1920-1.jpg\",\"datePublished\":\"2022-02-10T18:32:30+00:00\",\"dateModified\":\"2022-03-27T19:55:12+00:00\",\"breadcrumb\":{\"@id\":\"https:\/\/o2couleurs.fr\/index.php\/maquillage\/#breadcrumb\"},\"inLanguage\":\"en-US\",\"potentialAction\":[{\"@type\":\"ReadAction\",\"target\":[\"https:\/\/o2couleurs.fr\/index.php\/maquillage\/\"]}]},{\"@type\":\"ImageObject\",\"inLanguage\":\"en-US\",\"@id\":\"https:\/\/o2couleurs.fr\/index.php\/maquillage\/#primaryimage\",\"url\":\"https:\/\/o2couleurs.fr\/wp-content\/uploads\/2022\/02\/makeup-ga390d1acd_1920-1.jpg\",\"contentUrl\":\"https:\/\/o2couleurs.fr\/wp-content\/uploads\/2022\/02\/makeup-ga390d1acd_1920-1.jpg\",\"width\":1920,\"height\":1080},{\"@type\":\"BreadcrumbList\",\"@id\":\"https:\/\/o2couleurs.fr\/index.php\/maquillage\/#breadcrumb\",\"itemListElement\":[{\"@type\":\"ListItem\",\"position\":1,\"name\":\"Accueil\",\"item\":\"https:\/\/o2couleurs.fr\/\"},{\"@type\":\"ListItem\",\"position\":2,\"name\":\"Maquillage\"}]},{\"@type\":\"WebSite\",\"@id\":\"https:\/\/o2couleurs.fr\/#website\",\"url\":\"https:\/\/o2couleurs.fr\/\",\"name\":\"\u00d42 COULEURS\",\"description\":\"votre salon de coiffure\",\"publisher\":{\"@id\":\"https:\/\/o2couleurs.fr\/#organization\"},\"potentialAction\":[{\"@type\":\"SearchAction\",\"target\":{\"@type\":\"EntryPoint\",\"urlTemplate\":\"https:\/\/o2couleurs.fr\/?s={search_term_string}\"},\"query-input\":{\"@type\":\"PropertyValueSpecification\",\"valueRequired\":true,\"valueName\":\"search_term_string\"}}],\"inLanguage\":\"en-US\"},{\"@type\":\"Organization\",\"@id\":\"https:\/\/o2couleurs.fr\/#organization\",\"name\":\"\u00d42 COULEURS\",\"url\":\"https:\/\/o2couleurs.fr\/\",\"logo\":{\"@type\":\"ImageObject\",\"inLanguage\":\"en-US\",\"@id\":\"https:\/\/o2couleurs.fr\/#\/schema\/logo\/image\/\",\"url\":\"https:\/\/o2couleurs.fr\/wp-content\/uploads\/2023\/12\/text1.png\",\"contentUrl\":\"https:\/\/o2couleurs.fr\/wp-content\/uploads\/2023\/12\/text1.png\",\"width\":407,\"height\":110,\"caption\":\"\u00d42 COULEURS\"},\"image\":{\"@id\":\"https:\/\/o2couleurs.fr\/#\/schema\/logo\/image\/\"},\"sameAs\":[\"https:\/\/www.facebook.com\/O2Couleurs\"]}]}<\/script>\n<!-- \/ Yoast SEO plugin. -->","yoast_head_json":{"title":"Maquillage - \u00d42 COULEURS","robots":{"index":"index","follow":"follow","max-snippet":"max-snippet:-1","max-image-preview":"max-image-preview:large","max-video-preview":"max-video-preview:-1"},"canonical":"https:\/\/o2couleurs.fr\/index.php\/maquillage\/","og_locale":"en_US","og_type":"article","og_title":"Maquillage - \u00d42 COULEURS","og_description":"Maquillage naturel Pour ce maquillage nous travaillerons une base, un fond de teint, une neutralisation et correction des cernes, une poudre libre, un blush, des fards \u00e0 paupi\u00e8res, un crayon pour les yeux, du mascara, un crayon \u00e0 l\u00e8vres et un rouge \u00e0 l\u00e8vres discret. Il saura vous mettre en [&hellip;]","og_url":"https:\/\/o2couleurs.fr\/index.php\/maquillage\/","og_site_name":"\u00d42 COULEURS","article_publisher":"https:\/\/www.facebook.com\/O2Couleurs","article_modified_time":"2022-03-27T19:55:12+00:00","og_image":[{"width":1920,"height":1080,"url":"https:\/\/o2couleurs.fr\/wp-content\/uploads\/2022\/02\/makeup-ga390d1acd_1920-1.jpg","type":"image\/jpeg"}],"twitter_card":"summary_large_image","twitter_misc":{"Est. reading time":"1 minute"},"schema":{"@context":"https:\/\/schema.org","@graph":[{"@type":"WebPage","@id":"https:\/\/o2couleurs.fr\/index.php\/maquillage\/","url":"https:\/\/o2couleurs.fr\/index.php\/maquillage\/","name":"Maquillage - \u00d42 COULEURS","isPartOf":{"@id":"https:\/\/o2couleurs.fr\/#website"},"primaryImageOfPage":{"@id":"https:\/\/o2couleurs.fr\/index.php\/maquillage\/#primaryimage"},"image":{"@id":"https:\/\/o2couleurs.fr\/index.php\/maquillage\/#primaryimage"},"thumbnailUrl":"https:\/\/o2couleurs.fr\/wp-content\/uploads\/2022\/02\/makeup-ga390d1acd_1920-1.jpg","datePublished":"2022-02-10T18:32:30+00:00","dateModified":"2022-03-27T19:55:12+00:00","breadcrumb":{"@id":"https:\/\/o2couleurs.fr\/index.php\/maquillage\/#breadcrumb"},"inLanguage":"en-US","potentialAction":[{"@type":"ReadAction","target":["https:\/\/o2couleurs.fr\/index.php\/maquillage\/"]}]},{"@type":"ImageObject","inLanguage":"en-US","@id":"https:\/\/o2couleurs.fr\/index.php\/maquillage\/#primaryimage","url":"https:\/\/o2couleurs.fr\/wp-content\/uploads\/2022\/02\/makeup-ga390d1acd_1920-1.jpg","contentUrl":"https:\/\/o2couleurs.fr\/wp-content\/uploads\/2022\/02\/makeup-ga390d1acd_1920-1.jpg","width":1920,"height":1080},{"@type":"BreadcrumbList","@id":"https:\/\/o2couleurs.fr\/index.php\/maquillage\/#breadcrumb","itemListElement":[{"@type":"ListItem","position":1,"name":"Accueil","item":"https:\/\/o2couleurs.fr\/"},{"@type":"ListItem","position":2,"name":"Maquillage"}]},{"@type":"WebSite","@id":"https:\/\/o2couleurs.fr\/#website","url":"https:\/\/o2couleurs.fr\/","name":"\u00d42 COULEURS","description":"votre salon de coiffure","publisher":{"@id":"https:\/\/o2couleurs.fr\/#organization"},"potentialAction":[{"@type":"SearchAction","target":{"@type":"EntryPoint","urlTemplate":"https:\/\/o2couleurs.fr\/?s={search_term_string}"},"query-input":{"@type":"PropertyValueSpecification","valueRequired":true,"valueName":"search_term_string"}}],"inLanguage":"en-US"},{"@type":"Organization","@id":"https:\/\/o2couleurs.fr\/#organization","name":"\u00d42 COULEURS","url":"https:\/\/o2couleurs.fr\/","logo":{"@type":"ImageObject","inLanguage":"en-US","@id":"https:\/\/o2couleurs.fr\/#\/schema\/logo\/image\/","url":"https:\/\/o2couleurs.fr\/wp-content\/uploads\/2023\/12\/text1.png","contentUrl":"https:\/\/o2couleurs.fr\/wp-content\/uploads\/2023\/12\/text1.png","width":407,"height":110,"caption":"\u00d42 COULEURS"},"image":{"@id":"https:\/\/o2couleurs.fr\/#\/schema\/logo\/image\/"},"sameAs":["https:\/\/www.facebook.com\/O2Couleurs"]}]}},"_links":{"self":[{"href":"https:\/\/o2couleurs.fr\/index.php\/wp-json\/wp\/v2\/pages\/171","targetHints":{"allow":["GET"]}}],"collection":[{"href":"https:\/\/o2couleurs.fr\/index.php\/wp-json\/wp\/v2\/pages"}],"about":[{"href":"https:\/\/o2couleurs.fr\/index.php\/wp-json\/wp\/v2\/types\/page"}],"author":[{"embeddable":true,"href":"https:\/\/o2couleurs.fr\/index.php\/wp-json\/wp\/v2\/users\/1"}],"replies":[{"embeddable":true,"href":"https:\/\/o2couleurs.fr\/index.php\/wp-json\/wp\/v2\/comments?post=171"}],"version-history":[{"count":22,"href":"https:\/\/o2couleurs.fr\/index.php\/wp-json\/wp\/v2\/pages\/171\/revisions"}],"predecessor-version":[{"id":660,"href":"https:\/\/o2couleurs.fr\/index.php\/wp-json\/wp\/v2\/pages\/171\/revisions\/660"}],"wp:featuredmedia":[{"embeddable":true,"href":"https:\/\/o2couleurs.fr\/index.php\/wp-json\/wp\/v2\/media\/123"}],"wp:attachment":[{"href":"https:\/\/o2couleurs.fr\/index.php\/wp-json\/wp\/v2\/media?parent=171"}],"curies":[{"name":"wp","href":"https:\/\/api.w.org\/{rel}","templated":true}]}}