{"id":352,"date":"2022-03-14T20:28:34","date_gmt":"2022-03-14T19:28:34","guid":{"rendered":"https:\/\/o2couleurs.fr\/?page_id=352"},"modified":"2023-09-21T15:46:39","modified_gmt":"2023-09-21T13:46:39","slug":"la-coloration","status":"publish","type":"page","link":"https:\/\/o2couleurs.fr\/index.php\/la-coloration\/","title":{"rendered":"La coloration"},"content":{"rendered":"\n<h2 class=\"wp-block-heading\">IGORA ROYAL<\/h2>\n\n\n\n<div class=\"wp-block-columns is-layout-flex wp-container-core-columns-is-layout-28f84493 wp-block-columns-is-layout-flex\">\n<div class=\"wp-block-column is-layout-flow wp-block-column-is-layout-flow\" style=\"flex-basis:66.66%\">\n<h6 class=\"wp-block-heading\">LE CHOIX DU COLORISTE POUR UNE COLORATION PERMANENTE<\/h6>\n\n\n\n<p>Notre marque de coloration embl\u00e9matique IGORA ROYAL est la marque de r\u00e9f\u00e9rence pour des r\u00e9sultats de coloration exceptionnels. IGORA ROYAL vous offre une couverture sans compromis et un maintien imbattable.<\/p>\n\n\n\n<ul class=\"wp-block-list\">\n<li>Des r\u00e9sultats fid\u00e8les au nuancier<\/li>\n\n\n\n<li>Jusqu\u2019\u00e0 100 % de couverture des cheveux blancs<\/li>\n\n\n\n<li>Des r\u00e9sultats de coloration fiables, uniformes et lumineux<\/li>\n<\/ul>\n<\/div>\n\n\n\n<div class=\"wp-block-column is-layout-flow wp-block-column-is-layout-flow\" style=\"flex-basis:33.33%\">\n<figure class=\"wp-block-gallery has-nested-images columns-default is-cropped wp-block-gallery-1 is-layout-flex wp-block-gallery-is-layout-flex\">\n<figure class=\"wp-block-image size-full\"><img loading=\"lazy\" decoding=\"async\" width=\"768\" height=\"512\" data-id=\"982\" src=\"https:\/\/o2couleurs.fr\/wp-content\/uploads\/2023\/09\/SKP_TIM_IG_1302x868.webp\" alt=\"\" class=\"wp-image-982\" srcset=\"https:\/\/o2couleurs.fr\/wp-content\/uploads\/2023\/09\/SKP_TIM_IG_1302x868.webp 768w, https:\/\/o2couleurs.fr\/wp-content\/uploads\/2023\/09\/SKP_TIM_IG_1302x868-300x200.webp 300w, https:\/\/o2couleurs.fr\/wp-content\/uploads\/2023\/09\/SKP_TIM_IG_1302x868-360x240.webp 360w\" sizes=\"auto, (max-width: 768px) 100vw, 768px\" \/><\/figure>\n<\/figure>\n<\/div>\n<\/div>\n\n\n\n<h2 class=\"wp-block-heading\">IGORA VIBRANCE<\/h2>\n\n\n\n<div class=\"wp-block-columns is-layout-flex wp-container-core-columns-is-layout-28f84493 wp-block-columns-is-layout-flex\">\n<div class=\"wp-block-column is-layout-flow wp-block-column-is-layout-flow\" style=\"flex-basis:33.33%\">\n<figure class=\"wp-block-image size-full\"><img loading=\"lazy\" decoding=\"async\" width=\"768\" height=\"432\" src=\"https:\/\/o2couleurs.fr\/wp-content\/uploads\/2023\/09\/SKP_VID_IG_Vibrance_Looks_Paint-Me-Pastel_2140x1202.webp\" alt=\"\" class=\"wp-image-983\" srcset=\"https:\/\/o2couleurs.fr\/wp-content\/uploads\/2023\/09\/SKP_VID_IG_Vibrance_Looks_Paint-Me-Pastel_2140x1202.webp 768w, https:\/\/o2couleurs.fr\/wp-content\/uploads\/2023\/09\/SKP_VID_IG_Vibrance_Looks_Paint-Me-Pastel_2140x1202-300x169.webp 300w\" sizes=\"auto, (max-width: 768px) 100vw, 768px\" \/><\/figure>\n<\/div>\n\n\n\n<div class=\"wp-block-column is-layout-flow wp-block-column-is-layout-flow\" style=\"flex-basis:66.66%\">\n<h6 class=\"wp-block-heading\">COLORATION DEMI-PERMANENTE ET BIEN PLUS !<\/h6>\n\n\n\n<p>IGORA VIBRANCE est une coloration de cheveux demi-permanente hydratante de pointe. Gr\u00e2ce \u00e0 une formule liquide qui peut se transformer en gel ou en cr\u00e8me, IGORA VIBRANCE fait #PLUS pour votre cr\u00e9ativit\u00e9 !<\/p>\n\n\n\n<ul class=\"wp-block-list\">\n<li>Couleur demi-permanente<\/li>\n\n\n\n<li>Sans ammoniaque<\/li>\n<\/ul>\n<\/div>\n<\/div>\n\n\n\n<h2 class=\"wp-block-heading\">BLONDME<\/h2>\n\n\n\n<div class=\"wp-block-columns is-layout-flex wp-container-core-columns-is-layout-28f84493 wp-block-columns-is-layout-flex\">\n<div class=\"wp-block-column is-layout-flow wp-block-column-is-layout-flow\" style=\"flex-basis:66.66%\">\n<h4 class=\"wp-block-heading\"><strong>Surmonter n&#8217;importe quel d\u00e9fi blond<\/strong><\/h4>\n\n\n\n<p>Du blond commercial aux looks haute couture, nous r\u00e9alisons tout ce que vous d\u00e9sirez . Nos services blondeur haut de gamme incluent :\u00a0<\/p>\n\n\n\n<ul class=\"wp-block-list\">\n<li>\u00c9claircissement&nbsp;<\/li>\n\n\n\n<li>Nuance&nbsp;<\/li>\n\n\n\n<li>D\u00e9coloration et m\u00e9lange<\/li>\n<\/ul>\n\n\n\n<p>La technologie Dual Bond int\u00e9gr\u00e9e dans tous les produits de couleur et de soin BLONDME aide \u00e0 r\u00e9duire les dommages \u00e0 tous les niveaux. Elle prot\u00e8ge les liaisons pendant les processus chimiques et aide \u00e0 en cr\u00e9er de nouvelles avec les soins d\u00e9di\u00e9s en salon et \u00e0 domicile.\u00a0<\/p>\n<\/div>\n\n\n\n<div class=\"wp-block-column is-layout-flow wp-block-column-is-layout-flow\" style=\"flex-basis:33.33%\">\n<figure class=\"wp-block-image size-full\"><img loading=\"lazy\" decoding=\"async\" width=\"480\" height=\"640\" src=\"https:\/\/o2couleurs.fr\/wp-content\/uploads\/2023\/09\/SKP_3-4_BM_COLOUR_2023_KEY-WEAVED-IN-BLONDE-MODEL_1680x2240.webp\" alt=\"\" class=\"wp-image-984\" srcset=\"https:\/\/o2couleurs.fr\/wp-content\/uploads\/2023\/09\/SKP_3-4_BM_COLOUR_2023_KEY-WEAVED-IN-BLONDE-MODEL_1680x2240.webp 480w, https:\/\/o2couleurs.fr\/wp-content\/uploads\/2023\/09\/SKP_3-4_BM_COLOUR_2023_KEY-WEAVED-IN-BLONDE-MODEL_1680x2240-225x300.webp 225w\" sizes=\"auto, (max-width: 480px) 100vw, 480px\" \/><\/figure>\n<\/div>\n<\/div>\n\n\n\n<p><\/p>\n","protected":false},"excerpt":{"rendered":"<p>IGORA ROYAL LE CHOIX DU COLORISTE POUR UNE COLORATION PERMANENTE Notre marque de coloration embl\u00e9matique IGORA ROYAL est la marque de r\u00e9f\u00e9rence pour des r\u00e9sultats de coloration exceptionnels. IGORA ROYAL vous offre une couverture sans compromis et un maintien imbattable. IGORA VIBRANCE COLORATION DEMI-PERMANENTE ET BIEN PLUS ! IGORA VIBRANCE [&hellip;]<\/p>\n","protected":false},"author":1,"featured_media":109,"parent":0,"menu_order":0,"comment_status":"closed","ping_status":"closed","template":"page-templates\/template-fullwidth.php","meta":{"ngg_post_thumbnail":0,"footnotes":""},"class_list":["post-352","page","type-page","status-publish","has-post-thumbnail","hentry"],"yoast_head":"<!-- This site is optimized with the Yoast SEO plugin v27.2 - https:\/\/yoast.com\/product\/yoast-seo-wordpress\/ -->\n<title>La coloration - \u00d42 COULEURS<\/title>\n<meta name=\"robots\" content=\"index, follow, max-snippet:-1, max-image-preview:large, max-video-preview:-1\" \/>\n<link rel=\"canonical\" href=\"https:\/\/o2couleurs.fr\/index.php\/la-coloration\/\" \/>\n<meta property=\"og:locale\" content=\"en_US\" \/>\n<meta property=\"og:type\" content=\"article\" \/>\n<meta property=\"og:title\" content=\"La coloration - \u00d42 COULEURS\" \/>\n<meta property=\"og:description\" content=\"IGORA ROYAL LE CHOIX DU COLORISTE POUR UNE COLORATION PERMANENTE Notre marque de coloration embl\u00e9matique IGORA ROYAL est la marque de r\u00e9f\u00e9rence pour des r\u00e9sultats de coloration exceptionnels. IGORA ROYAL vous offre une couverture sans compromis et un maintien imbattable. IGORA VIBRANCE COLORATION DEMI-PERMANENTE ET BIEN PLUS ! IGORA VIBRANCE [&hellip;]\" \/>\n<meta property=\"og:url\" content=\"https:\/\/o2couleurs.fr\/index.php\/la-coloration\/\" \/>\n<meta property=\"og:site_name\" content=\"\u00d42 COULEURS\" \/>\n<meta property=\"article:publisher\" content=\"https:\/\/www.facebook.com\/O2Couleurs\" \/>\n<meta property=\"article:modified_time\" content=\"2023-09-21T13:46:39+00:00\" \/>\n<meta property=\"og:image\" content=\"https:\/\/o2couleurs.fr\/wp-content\/uploads\/2022\/02\/woman-g11d1a6718_1920.jpg\" \/>\n\t<meta property=\"og:image:width\" content=\"1920\" \/>\n\t<meta property=\"og:image:height\" content=\"1357\" \/>\n\t<meta property=\"og:image:type\" content=\"image\/jpeg\" \/>\n<meta name=\"twitter:card\" content=\"summary_large_image\" \/>\n<meta name=\"twitter:label1\" content=\"Est. reading time\" \/>\n\t<meta name=\"twitter:data1\" content=\"1 minute\" \/>\n<script type=\"application\/ld+json\" class=\"yoast-schema-graph\">{\"@context\":\"https:\/\/schema.org\",\"@graph\":[{\"@type\":\"WebPage\",\"@id\":\"https:\/\/o2couleurs.fr\/index.php\/la-coloration\/\",\"url\":\"https:\/\/o2couleurs.fr\/index.php\/la-coloration\/\",\"name\":\"La coloration - \u00d42 COULEURS\",\"isPartOf\":{\"@id\":\"https:\/\/o2couleurs.fr\/#website\"},\"primaryImageOfPage\":{\"@id\":\"https:\/\/o2couleurs.fr\/index.php\/la-coloration\/#primaryimage\"},\"image\":{\"@id\":\"https:\/\/o2couleurs.fr\/index.php\/la-coloration\/#primaryimage\"},\"thumbnailUrl\":\"https:\/\/o2couleurs.fr\/wp-content\/uploads\/2022\/02\/woman-g11d1a6718_1920.jpg\",\"datePublished\":\"2022-03-14T19:28:34+00:00\",\"dateModified\":\"2023-09-21T13:46:39+00:00\",\"breadcrumb\":{\"@id\":\"https:\/\/o2couleurs.fr\/index.php\/la-coloration\/#breadcrumb\"},\"inLanguage\":\"en-US\",\"potentialAction\":[{\"@type\":\"ReadAction\",\"target\":[\"https:\/\/o2couleurs.fr\/index.php\/la-coloration\/\"]}]},{\"@type\":\"ImageObject\",\"inLanguage\":\"en-US\",\"@id\":\"https:\/\/o2couleurs.fr\/index.php\/la-coloration\/#primaryimage\",\"url\":\"https:\/\/o2couleurs.fr\/wp-content\/uploads\/2022\/02\/woman-g11d1a6718_1920.jpg\",\"contentUrl\":\"https:\/\/o2couleurs.fr\/wp-content\/uploads\/2022\/02\/woman-g11d1a6718_1920.jpg\",\"width\":1920,\"height\":1357},{\"@type\":\"BreadcrumbList\",\"@id\":\"https:\/\/o2couleurs.fr\/index.php\/la-coloration\/#breadcrumb\",\"itemListElement\":[{\"@type\":\"ListItem\",\"position\":1,\"name\":\"Accueil\",\"item\":\"https:\/\/o2couleurs.fr\/\"},{\"@type\":\"ListItem\",\"position\":2,\"name\":\"La coloration\"}]},{\"@type\":\"WebSite\",\"@id\":\"https:\/\/o2couleurs.fr\/#website\",\"url\":\"https:\/\/o2couleurs.fr\/\",\"name\":\"\u00d42 COULEURS\",\"description\":\"votre salon de coiffure\",\"publisher\":{\"@id\":\"https:\/\/o2couleurs.fr\/#organization\"},\"potentialAction\":[{\"@type\":\"SearchAction\",\"target\":{\"@type\":\"EntryPoint\",\"urlTemplate\":\"https:\/\/o2couleurs.fr\/?s={search_term_string}\"},\"query-input\":{\"@type\":\"PropertyValueSpecification\",\"valueRequired\":true,\"valueName\":\"search_term_string\"}}],\"inLanguage\":\"en-US\"},{\"@type\":\"Organization\",\"@id\":\"https:\/\/o2couleurs.fr\/#organization\",\"name\":\"\u00d42 COULEURS\",\"url\":\"https:\/\/o2couleurs.fr\/\",\"logo\":{\"@type\":\"ImageObject\",\"inLanguage\":\"en-US\",\"@id\":\"https:\/\/o2couleurs.fr\/#\/schema\/logo\/image\/\",\"url\":\"https:\/\/o2couleurs.fr\/wp-content\/uploads\/2023\/12\/text1.png\",\"contentUrl\":\"https:\/\/o2couleurs.fr\/wp-content\/uploads\/2023\/12\/text1.png\",\"width\":407,\"height\":110,\"caption\":\"\u00d42 COULEURS\"},\"image\":{\"@id\":\"https:\/\/o2couleurs.fr\/#\/schema\/logo\/image\/\"},\"sameAs\":[\"https:\/\/www.facebook.com\/O2Couleurs\"]}]}<\/script>\n<!-- \/ Yoast SEO plugin. -->","yoast_head_json":{"title":"La coloration - \u00d42 COULEURS","robots":{"index":"index","follow":"follow","max-snippet":"max-snippet:-1","max-image-preview":"max-image-preview:large","max-video-preview":"max-video-preview:-1"},"canonical":"https:\/\/o2couleurs.fr\/index.php\/la-coloration\/","og_locale":"en_US","og_type":"article","og_title":"La coloration - \u00d42 COULEURS","og_description":"IGORA ROYAL LE CHOIX DU COLORISTE POUR UNE COLORATION PERMANENTE Notre marque de coloration embl\u00e9matique IGORA ROYAL est la marque de r\u00e9f\u00e9rence pour des r\u00e9sultats de coloration exceptionnels. IGORA ROYAL vous offre une couverture sans compromis et un maintien imbattable. IGORA VIBRANCE COLORATION DEMI-PERMANENTE ET BIEN PLUS ! IGORA VIBRANCE [&hellip;]","og_url":"https:\/\/o2couleurs.fr\/index.php\/la-coloration\/","og_site_name":"\u00d42 COULEURS","article_publisher":"https:\/\/www.facebook.com\/O2Couleurs","article_modified_time":"2023-09-21T13:46:39+00:00","og_image":[{"width":1920,"height":1357,"url":"https:\/\/o2couleurs.fr\/wp-content\/uploads\/2022\/02\/woman-g11d1a6718_1920.jpg","type":"image\/jpeg"}],"twitter_card":"summary_large_image","twitter_misc":{"Est. reading time":"1 minute"},"schema":{"@context":"https:\/\/schema.org","@graph":[{"@type":"WebPage","@id":"https:\/\/o2couleurs.fr\/index.php\/la-coloration\/","url":"https:\/\/o2couleurs.fr\/index.php\/la-coloration\/","name":"La coloration - \u00d42 COULEURS","isPartOf":{"@id":"https:\/\/o2couleurs.fr\/#website"},"primaryImageOfPage":{"@id":"https:\/\/o2couleurs.fr\/index.php\/la-coloration\/#primaryimage"},"image":{"@id":"https:\/\/o2couleurs.fr\/index.php\/la-coloration\/#primaryimage"},"thumbnailUrl":"https:\/\/o2couleurs.fr\/wp-content\/uploads\/2022\/02\/woman-g11d1a6718_1920.jpg","datePublished":"2022-03-14T19:28:34+00:00","dateModified":"2023-09-21T13:46:39+00:00","breadcrumb":{"@id":"https:\/\/o2couleurs.fr\/index.php\/la-coloration\/#breadcrumb"},"inLanguage":"en-US","potentialAction":[{"@type":"ReadAction","target":["https:\/\/o2couleurs.fr\/index.php\/la-coloration\/"]}]},{"@type":"ImageObject","inLanguage":"en-US","@id":"https:\/\/o2couleurs.fr\/index.php\/la-coloration\/#primaryimage","url":"https:\/\/o2couleurs.fr\/wp-content\/uploads\/2022\/02\/woman-g11d1a6718_1920.jpg","contentUrl":"https:\/\/o2couleurs.fr\/wp-content\/uploads\/2022\/02\/woman-g11d1a6718_1920.jpg","width":1920,"height":1357},{"@type":"BreadcrumbList","@id":"https:\/\/o2couleurs.fr\/index.php\/la-coloration\/#breadcrumb","itemListElement":[{"@type":"ListItem","position":1,"name":"Accueil","item":"https:\/\/o2couleurs.fr\/"},{"@type":"ListItem","position":2,"name":"La coloration"}]},{"@type":"WebSite","@id":"https:\/\/o2couleurs.fr\/#website","url":"https:\/\/o2couleurs.fr\/","name":"\u00d42 COULEURS","description":"votre salon de coiffure","publisher":{"@id":"https:\/\/o2couleurs.fr\/#organization"},"potentialAction":[{"@type":"SearchAction","target":{"@type":"EntryPoint","urlTemplate":"https:\/\/o2couleurs.fr\/?s={search_term_string}"},"query-input":{"@type":"PropertyValueSpecification","valueRequired":true,"valueName":"search_term_string"}}],"inLanguage":"en-US"},{"@type":"Organization","@id":"https:\/\/o2couleurs.fr\/#organization","name":"\u00d42 COULEURS","url":"https:\/\/o2couleurs.fr\/","logo":{"@type":"ImageObject","inLanguage":"en-US","@id":"https:\/\/o2couleurs.fr\/#\/schema\/logo\/image\/","url":"https:\/\/o2couleurs.fr\/wp-content\/uploads\/2023\/12\/text1.png","contentUrl":"https:\/\/o2couleurs.fr\/wp-content\/uploads\/2023\/12\/text1.png","width":407,"height":110,"caption":"\u00d42 COULEURS"},"image":{"@id":"https:\/\/o2couleurs.fr\/#\/schema\/logo\/image\/"},"sameAs":["https:\/\/www.facebook.com\/O2Couleurs"]}]}},"_links":{"self":[{"href":"https:\/\/o2couleurs.fr\/index.php\/wp-json\/wp\/v2\/pages\/352","targetHints":{"allow":["GET"]}}],"collection":[{"href":"https:\/\/o2couleurs.fr\/index.php\/wp-json\/wp\/v2\/pages"}],"about":[{"href":"https:\/\/o2couleurs.fr\/index.php\/wp-json\/wp\/v2\/types\/page"}],"author":[{"embeddable":true,"href":"https:\/\/o2couleurs.fr\/index.php\/wp-json\/wp\/v2\/users\/1"}],"replies":[{"embeddable":true,"href":"https:\/\/o2couleurs.fr\/index.php\/wp-json\/wp\/v2\/comments?post=352"}],"version-history":[{"count":4,"href":"https:\/\/o2couleurs.fr\/index.php\/wp-json\/wp\/v2\/pages\/352\/revisions"}],"predecessor-version":[{"id":987,"href":"https:\/\/o2couleurs.fr\/index.php\/wp-json\/wp\/v2\/pages\/352\/revisions\/987"}],"wp:featuredmedia":[{"embeddable":true,"href":"https:\/\/o2couleurs.fr\/index.php\/wp-json\/wp\/v2\/media\/109"}],"wp:attachment":[{"href":"https:\/\/o2couleurs.fr\/index.php\/wp-json\/wp\/v2\/media?parent=352"}],"curies":[{"name":"wp","href":"https:\/\/api.w.org\/{rel}","templated":true}]}}