{"id":89,"date":"2022-02-10T18:49:15","date_gmt":"2022-02-10T17:49:15","guid":{"rendered":"http:\/\/o2couleurs.fr\/?page_id=89"},"modified":"2025-01-23T19:59:28","modified_gmt":"2025-01-23T18:59:28","slug":"massage-bien-etre","status":"publish","type":"page","link":"https:\/\/o2couleurs.fr\/index.php\/massage-bien-etre\/","title":{"rendered":"Massages cr\u00e2niens"},"content":{"rendered":"\n<h2 class=\"wp-block-heading\" id=\"qu-est-ce-que-le-shirotchampi\"><strong>Soin shirotchampi*\u00a0<\/strong><\/h2>\n\n\n\n<div class=\"wp-block-columns is-layout-flex wp-container-core-columns-is-layout-28f84493 wp-block-columns-is-layout-flex\">\n<div class=\"wp-block-column is-layout-flow wp-block-column-is-layout-flow\" style=\"flex-basis:66.66%\">\n<p class=\"has-text-align-left\">Le shirotchampi est un massage indien du cr\u00e2ne adapt\u00e9 \u00e0 tous. <\/p>\n\n\n\n<p class=\"has-text-align-left\">\u00ab Shirot \u00bb signifiant la t\u00eate et \u00ab champi \u00bb massage.<\/p>\n\n\n\n<p>Lors d\u2019une s\u00e9ance de&nbsp;<strong>Shirotshampi<\/strong>&nbsp;le receveur est assis sur une chaise \u00e9paules d\u00e9gag\u00e9es si possible. Cette relaxation s\u2019effectue en deux temps, la phase apaisante et la phase de tonification.<\/p>\n\n\n\n<p>Lors de ce massage \u00e0 la fois doux et tonique nous utiliserons une huile v\u00e9g\u00e9tale.<\/p>\n\n\n\n<p>Une s\u00e9ance s\u00e9r\u00e9nit\u00e9 dure environ 30mn.<\/p>\n\n\n\n<p>Une s\u00e9ance gourmande dure environ 1h.<\/p>\n\n\n\n<p>Faites plaisir en offrant une carte cadeau<\/p>\n<\/div>\n\n\n\n<div class=\"wp-block-column is-layout-flow wp-block-column-is-layout-flow\" style=\"flex-basis:33.33%\"><div class=\"wp-block-image\">\n<figure class=\"aligncenter size-large is-resized\"><img loading=\"lazy\" decoding=\"async\" width=\"1024\" height=\"688\" src=\"https:\/\/o2couleurs.fr\/wp-content\/uploads\/2022\/02\/huile-1024x688.png\" alt=\"\" class=\"wp-image-151\" style=\"width:449px;height:301px\" srcset=\"https:\/\/o2couleurs.fr\/wp-content\/uploads\/2022\/02\/huile-1024x688.png 1024w, https:\/\/o2couleurs.fr\/wp-content\/uploads\/2022\/02\/huile-300x202.png 300w, https:\/\/o2couleurs.fr\/wp-content\/uploads\/2022\/02\/huile-768x516.png 768w, https:\/\/o2couleurs.fr\/wp-content\/uploads\/2022\/02\/huile-1536x1032.png 1536w, https:\/\/o2couleurs.fr\/wp-content\/uploads\/2022\/02\/huile.png 1950w\" sizes=\"auto, (max-width: 1024px) 100vw, 1024px\" \/><\/figure>\n<\/div><\/div>\n<\/div>\n\n\n\n<p><strong>Quels sont ses bienfaits&nbsp;?<\/strong><\/p>\n\n\n\n<div class=\"wp-block-columns is-layout-flex wp-container-core-columns-is-layout-28f84493 wp-block-columns-is-layout-flex\">\n<div class=\"wp-block-column is-layout-flow wp-block-column-is-layout-flow\" style=\"flex-basis:33.33%\"><div class=\"wp-block-image is-style-default\">\n<figure class=\"aligncenter size-large is-resized\"><img loading=\"lazy\" decoding=\"async\" width=\"1024\" height=\"768\" src=\"https:\/\/o2couleurs.fr\/wp-content\/uploads\/2022\/02\/pierres-1-1024x768.png\" alt=\"\" class=\"wp-image-155\" style=\"width:297px;height:223px\" srcset=\"https:\/\/o2couleurs.fr\/wp-content\/uploads\/2022\/02\/pierres-1-1024x768.png 1024w, https:\/\/o2couleurs.fr\/wp-content\/uploads\/2022\/02\/pierres-1-300x225.png 300w, https:\/\/o2couleurs.fr\/wp-content\/uploads\/2022\/02\/pierres-1-768x576.png 768w, https:\/\/o2couleurs.fr\/wp-content\/uploads\/2022\/02\/pierres-1-1536x1152.png 1536w, https:\/\/o2couleurs.fr\/wp-content\/uploads\/2022\/02\/pierres-1.png 1920w\" sizes=\"auto, (max-width: 1024px) 100vw, 1024px\" \/><\/figure>\n<\/div><\/div>\n\n\n\n<div class=\"wp-block-column is-layout-flow wp-block-column-is-layout-flow\" style=\"flex-basis:66.66%\">\n<p>Tr\u00e8s d\u00e9contractant, apaisant, il r\u00e9duit le stress et lutte contre l\u2019insomnie.<\/p>\n\n\n\n<p>Il renforce la chevelure, la rend vigoureuse et brillante.<\/p>\n\n\n\n<p>Il renforce le cuir chevelu.<\/p>\n\n\n\n<p>Il harmonise le cerveau droit et gauche.<\/p>\n\n\n\n<p>Il r\u00e9duit les migraines.<\/p>\n\n\n\n<p class=\"has-text-align-left\">Avec l\u2019huile, le protocole peut-\u00eatre fait une fois par semaine pendant 3 semaines. Dans ce cas, le b\u00e9n\u00e9fice sur les cheveux dure 6 mois.<\/p>\n<\/div>\n<\/div>\n\n\n\n<h2 class=\"wp-block-heading\">Soin Shiatsu a\u00efqo*<\/h2>\n\n\n\n<div class=\"wp-block-columns is-layout-flex wp-container-core-columns-is-layout-28f84493 wp-block-columns-is-layout-flex\">\n<div class=\"wp-block-column is-layout-flow wp-block-column-is-layout-flow\" style=\"flex-basis:25%\">\n<figure class=\"wp-block-image size-full\"><img loading=\"lazy\" decoding=\"async\" width=\"500\" height=\"800\" src=\"https:\/\/o2couleurs.fr\/wp-content\/uploads\/2025\/01\/image-2.png\" alt=\"\" class=\"wp-image-1257\" srcset=\"https:\/\/o2couleurs.fr\/wp-content\/uploads\/2025\/01\/image-2.png 500w, https:\/\/o2couleurs.fr\/wp-content\/uploads\/2025\/01\/image-2-188x300.png 188w\" sizes=\"auto, (max-width: 500px) 100vw, 500px\" \/><\/figure>\n<\/div>\n\n\n\n<div class=\"wp-block-column is-layout-flow wp-block-column-is-layout-flow\" style=\"flex-basis:50%\">\n<p><strong>Un voyage Energ\u00e9tique &amp; Sensoriel<\/strong><\/p>\n\n\n\n<p><em>Source d\u2019harmonie du corps et de l\u2019esprit<\/em><\/p>\n\n\n\n<p>La magie de ce&nbsp;<strong>soin \u00e9nerg\u00e9tique<\/strong>&nbsp;s\u2019effectue sans application de produits. Une touche d\u2019\u00e9veil des sens aux&nbsp;<strong>huiles essentielles<\/strong>&nbsp;choisie selon l\u2019\u00e9tat \u00e9motionnel accompagne une technique manuelle qui consiste \u00e0 stimuler l\u2019\u00e9nergie par une succession de&nbsp;<strong>pressions<\/strong>&nbsp;afin de r\u00e9organiser en douceur les fonctions de l\u2019organisme.<\/p>\n\n\n\n<p>Issu de la culture asiatique, ce soin global des \u00e9paules \u00e0 la t\u00eate est d\u2019une dur\u00e9e de&nbsp;<strong>35mn.<\/strong><\/p>\n\n\n\n<p><strong>Les bienfaits:<\/strong><\/p>\n\n\n\n<p>&nbsp;Active la microcirculation et d\u00e9tend le cuir chevelu pour des cheveux plus forts et plus r\u00e9sistants.<\/p>\n\n\n\n<p><\/p>\n\n\n\n<p>Stimule et r\u00e9\u00e9quilibre le syst\u00e8me \u00e9nerg\u00e9tique de Yin &amp; du Yang, lib\u00e8re la charge \u00e9motionnelle, r\u00e9conforte et reconnecte au soi profond.<\/p>\n\n\n\n<p>Apaise et apporte un sentiment de pleine s\u00e9r\u00e9nit\u00e9.<\/p>\n\n\n\n<p>&nbsp;Harmonise le corps et l\u2019esprit.<\/p>\n<\/div>\n\n\n\n<div class=\"wp-block-column is-layout-flow wp-block-column-is-layout-flow\" style=\"flex-basis:25%\">\n<figure class=\"wp-block-image size-large\"><img loading=\"lazy\" decoding=\"async\" width=\"656\" height=\"1024\" src=\"https:\/\/o2couleurs.fr\/wp-content\/uploads\/2025\/01\/WhatsApp-Image-2024-12-01-at-19.19.02-656x1024.jpeg\" alt=\"\" class=\"wp-image-1220\" srcset=\"https:\/\/o2couleurs.fr\/wp-content\/uploads\/2025\/01\/WhatsApp-Image-2024-12-01-at-19.19.02-656x1024.jpeg 656w, https:\/\/o2couleurs.fr\/wp-content\/uploads\/2025\/01\/WhatsApp-Image-2024-12-01-at-19.19.02-192x300.jpeg 192w, https:\/\/o2couleurs.fr\/wp-content\/uploads\/2025\/01\/WhatsApp-Image-2024-12-01-at-19.19.02-768x1199.jpeg 768w, https:\/\/o2couleurs.fr\/wp-content\/uploads\/2025\/01\/WhatsApp-Image-2024-12-01-at-19.19.02-984x1536.jpeg 984w, https:\/\/o2couleurs.fr\/wp-content\/uploads\/2025\/01\/WhatsApp-Image-2024-12-01-at-19.19.02.jpeg 1025w\" sizes=\"auto, (max-width: 656px) 100vw, 656px\" \/><\/figure>\n<\/div>\n<\/div>\n\n\n\n<h2 class=\"wp-block-heading\">Soin Shiro abhyanga &#8220;head &amp; soul&#8221; a\u00efqo*<\/h2>\n\n\n\n<div class=\"wp-block-group\"><div class=\"wp-block-group__inner-container is-layout-constrained wp-block-group-is-layout-constrained\">\n<div class=\"wp-block-columns is-layout-flex wp-container-core-columns-is-layout-28f84493 wp-block-columns-is-layout-flex\">\n<div class=\"wp-block-column is-layout-flow wp-block-column-is-layout-flow\" style=\"flex-basis:25%\">\n<figure class=\"wp-block-image size-full\"><img loading=\"lazy\" decoding=\"async\" width=\"500\" height=\"800\" src=\"https:\/\/o2couleurs.fr\/wp-content\/uploads\/2025\/01\/image-3.png\" alt=\"\" class=\"wp-image-1262\" srcset=\"https:\/\/o2couleurs.fr\/wp-content\/uploads\/2025\/01\/image-3.png 500w, https:\/\/o2couleurs.fr\/wp-content\/uploads\/2025\/01\/image-3-188x300.png 188w\" sizes=\"auto, (max-width: 500px) 100vw, 500px\" \/><\/figure>\n<\/div>\n\n\n\n<div class=\"wp-block-column is-layout-flow wp-block-column-is-layout-flow\" style=\"flex-basis:50%\">\n<p><strong>Une exp\u00e9rience au c\u0153ur des sens<\/strong><\/p>\n\n\n\n<p><em>Source d\u2019\u00e9nergie , d\u2019\u00e9quilibre &amp; de bien-\u00eatre.<\/em><\/p>\n\n\n\n<p>Ce soin global s\u2019inspire&nbsp; de techniques manuelles ayurv\u00e9diques, de<strong>&nbsp;pressions<\/strong>, de<strong>&nbsp;frictions gliss\u00e9es<\/strong>&nbsp;et de&nbsp;<strong>mouvements enveloppants&nbsp;<\/strong>sur les zones \u00e9nerg\u00e9tiques.<\/p>\n\n\n\n<p>Inspir\u00e9 de la culture indienne, ce soin global d\u2019une dur\u00e9e de&nbsp;<strong>1 heure&nbsp;<\/strong>est r\u00e9alis\u00e9 avec l\u2019application d\u2019une&nbsp;<strong>infusion d\u2019huiles v\u00e9g\u00e9tales bio personnalis\u00e9e.<\/strong><\/p>\n\n\n\n<p><strong>Les bienfaits:<\/strong><\/p>\n\n\n\n<p>R\u00e9\u00e9quilibre, hydrate et apaise le cuir chevelu, \u00e9nergise et repulpe la fibre capillaire pour des cheveux plus forts et brillants de sant\u00e9.<\/p>\n\n\n\n<p><\/p>\n\n\n\n<p>Rel\u00e2che et d\u00e9tend les tensions nerveuses install\u00e9es dans le cuir chevelu, favorise l\u2019\u00e9quilibre des flux circulatoires et lib\u00e8re le syst\u00e8me \u00e9nerg\u00e9tique.<\/p>\n\n\n\n<p>Repose le mental et procure une relaxation intense.<\/p>\n\n\n\n<p>Am\u00e9liore la microcirculation, stimule les bulbes pileux et pr\u00e9vient la chute de cheveux.<\/p>\n<\/div>\n\n\n\n<div class=\"wp-block-column is-layout-flow wp-block-column-is-layout-flow\" style=\"flex-basis:25%\">\n<figure class=\"wp-block-image size-large\"><img loading=\"lazy\" decoding=\"async\" width=\"768\" height=\"1024\" src=\"https:\/\/o2couleurs.fr\/wp-content\/uploads\/2025\/01\/WhatsApp-Image-2024-11-06-at-09.28.24-4-768x1024.jpeg\" alt=\"\" class=\"wp-image-1211\" srcset=\"https:\/\/o2couleurs.fr\/wp-content\/uploads\/2025\/01\/WhatsApp-Image-2024-11-06-at-09.28.24-4-768x1024.jpeg 768w, https:\/\/o2couleurs.fr\/wp-content\/uploads\/2025\/01\/WhatsApp-Image-2024-11-06-at-09.28.24-4-225x300.jpeg 225w, https:\/\/o2couleurs.fr\/wp-content\/uploads\/2025\/01\/WhatsApp-Image-2024-11-06-at-09.28.24-4-1152x1536.jpeg 1152w, https:\/\/o2couleurs.fr\/wp-content\/uploads\/2025\/01\/WhatsApp-Image-2024-11-06-at-09.28.24-4.jpeg 1200w\" sizes=\"auto, (max-width: 768px) 100vw, 768px\" \/><\/figure>\n<\/div>\n<\/div>\n<\/div><\/div>\n\n\n\n<h2 class=\"wp-block-heading\">Soin Hair d\u00e9tox a\u00efqo*<\/h2>\n\n\n\n<div class=\"wp-block-columns is-layout-flex wp-container-core-columns-is-layout-28f84493 wp-block-columns-is-layout-flex\">\n<div class=\"wp-block-column is-layout-flow wp-block-column-is-layout-flow\" style=\"flex-basis:25%\">\n<figure class=\"wp-block-image size-full\"><img loading=\"lazy\" decoding=\"async\" width=\"188\" height=\"300\" src=\"https:\/\/o2couleurs.fr\/wp-content\/uploads\/2025\/01\/image-5.png\" alt=\"\" class=\"wp-image-1266\"\/><\/figure>\n<\/div>\n\n\n\n<div class=\"wp-block-column is-layout-flow wp-block-column-is-layout-flow\" style=\"flex-basis:50%\">\n<p><strong>Un v\u00e9ritable bain d\u2019oxyg\u00e8ne<\/strong><\/p>\n\n\n\n<p><em>Source d\u2019\u00e9nergie , de vitalit\u00e9 et de mieux \u00eatre.<\/em><\/p>\n\n\n\n<p>Inspir\u00e9 de la culture Indienne, ce rituel de soin\u00a0<strong>profond<\/strong>\u00a0du cuir chevelu et des cheveux d\u2019une dur\u00e9e de\u00a0<strong>1 heure<\/strong>, s\u2019appuie sur l\u2019alchimie de techniques manuelles\u00a0<strong>ayurv\u00e9diques<\/strong>, une gestuelle par frictions des zones \u00e9nerg\u00e9tiques associ\u00e9e \u00e0 une potion d\u00e9toxifiante 100% naturelle \u00e9labor\u00e9e sur mesure selon l\u2019\u00e9quilibre des doshas.<\/p>\n\n\n\n<p><strong>Les bienfaits<em>:<\/em><\/strong><\/p>\n\n\n\n<ul class=\"wp-block-list\">\n<li>\n<ul class=\"wp-block-list\">\n<li>Redynamise, r\u00e9gule les flux circulatoires et r\u00e9g\u00e9n\u00e8re le syst\u00e8me \u00e9nerg\u00e9tique.<\/li>\n\n\n\n<li>Lib\u00e8re et transforme le stress r\u00e9siduel en bonne \u00e9nergie. D\u00e9congestionne et soulage les tensions du cuir chevelu.<\/li>\n\n\n\n<li>Elimine en profondeur toutes les toxines et r\u00e9sidus.<\/li>\n\n\n\n<li>Purifiant, assainissant, vivifiant et remin\u00e9ralisant, il apaise le cuir chevelu et r\u00e9g\u00e9n\u00e8re la fibre capillaire.<\/li>\n<\/ul>\n<\/li>\n<\/ul>\n\n\n\n<p>Pour retrouver des cheveux&nbsp;<strong>brillants, souples, revitalis\u00e9s<\/strong>&nbsp;et une pure sensation de l\u00e9g\u00e8ret\u00e9.<\/p>\n<\/div>\n\n\n\n<div class=\"wp-block-column is-layout-flow wp-block-column-is-layout-flow\" style=\"flex-basis:25%\">\n<figure class=\"wp-block-image size-large\"><img loading=\"lazy\" decoding=\"async\" width=\"629\" height=\"1024\" src=\"https:\/\/o2couleurs.fr\/wp-content\/uploads\/2025\/01\/WhatsApp-Image-2024-12-01-at-19.15.56-2-629x1024.jpeg\" alt=\"\" class=\"wp-image-1214\" srcset=\"https:\/\/o2couleurs.fr\/wp-content\/uploads\/2025\/01\/WhatsApp-Image-2024-12-01-at-19.15.56-2-629x1024.jpeg 629w, https:\/\/o2couleurs.fr\/wp-content\/uploads\/2025\/01\/WhatsApp-Image-2024-12-01-at-19.15.56-2-184x300.jpeg 184w, https:\/\/o2couleurs.fr\/wp-content\/uploads\/2025\/01\/WhatsApp-Image-2024-12-01-at-19.15.56-2-768x1250.jpeg 768w, https:\/\/o2couleurs.fr\/wp-content\/uploads\/2025\/01\/WhatsApp-Image-2024-12-01-at-19.15.56-2-944x1536.jpeg 944w, https:\/\/o2couleurs.fr\/wp-content\/uploads\/2025\/01\/WhatsApp-Image-2024-12-01-at-19.15.56-2.jpeg 983w\" sizes=\"auto, (max-width: 629px) 100vw, 629px\" \/><\/figure>\n<\/div>\n<\/div>\n\n\n\n<h2 class=\"wp-block-heading\" id=\"les-contre-indications\"><strong>Les contre-indications<\/strong><\/h2>\n\n\n\n<p>Blessures, br\u00fblures, coupures, plaies susceptibles de s\u2019infecter.<\/p>\n\n\n\n<p>Probl\u00e8me de peau important.<\/p>\n\n\n\n<p>Traumatisme cervical.<\/p>\n\n\n\n<p>Infarctus, AVC, op\u00e9ration chirurgicale du cr\u00e2ne datant de moins de 3 mois .<\/p>\n\n\n\n<p><strong>*Soin non conventionnel non m\u00e9dical, le massage bien-\u00eatre<\/strong>&nbsp;est un ensemble de techniques manuelles qui ont pour finalit\u00e9<strong>&nbsp;<\/strong><strong>le mieux-\u00eatre de la personne.<\/strong>&nbsp;<\/p>\n\n\n\n<p><\/p>\n","protected":false},"excerpt":{"rendered":"<p>Soin shirotchampi*\u00a0 Le shirotchampi est un massage indien du cr\u00e2ne adapt\u00e9 \u00e0 tous. \u00ab Shirot \u00bb signifiant la t\u00eate et \u00ab champi \u00bb massage. Lors d\u2019une s\u00e9ance de&nbsp;Shirotshampi&nbsp;le receveur est assis sur une chaise \u00e9paules d\u00e9gag\u00e9es si possible. Cette relaxation s\u2019effectue en deux temps, la phase apaisante et la phase [&hellip;]<\/p>\n","protected":false},"author":1,"featured_media":90,"parent":0,"menu_order":0,"comment_status":"closed","ping_status":"closed","template":"page-templates\/template-fullwidth.php","meta":{"ngg_post_thumbnail":0,"footnotes":""},"class_list":["post-89","page","type-page","status-publish","has-post-thumbnail","hentry"],"yoast_head":"<!-- This site is optimized with the Yoast SEO plugin v27.2 - https:\/\/yoast.com\/product\/yoast-seo-wordpress\/ -->\n<title>Massages cr\u00e2niens - \u00d42 COULEURS<\/title>\n<meta name=\"robots\" content=\"index, follow, max-snippet:-1, max-image-preview:large, max-video-preview:-1\" \/>\n<link rel=\"canonical\" href=\"https:\/\/o2couleurs.fr\/index.php\/massage-bien-etre\/\" \/>\n<meta property=\"og:locale\" content=\"en_US\" \/>\n<meta property=\"og:type\" content=\"article\" \/>\n<meta property=\"og:title\" content=\"Massages cr\u00e2niens - \u00d42 COULEURS\" \/>\n<meta property=\"og:description\" content=\"Soin shirotchampi*\u00a0 Le shirotchampi est un massage indien du cr\u00e2ne adapt\u00e9 \u00e0 tous. \u00ab Shirot \u00bb signifiant la t\u00eate et \u00ab champi \u00bb massage. Lors d\u2019une s\u00e9ance de&nbsp;Shirotshampi&nbsp;le receveur est assis sur une chaise \u00e9paules d\u00e9gag\u00e9es si possible. Cette relaxation s\u2019effectue en deux temps, la phase apaisante et la phase [&hellip;]\" \/>\n<meta property=\"og:url\" content=\"https:\/\/o2couleurs.fr\/index.php\/massage-bien-etre\/\" \/>\n<meta property=\"og:site_name\" content=\"\u00d42 COULEURS\" \/>\n<meta property=\"article:publisher\" content=\"https:\/\/www.facebook.com\/O2Couleurs\" \/>\n<meta property=\"article:modified_time\" content=\"2025-01-23T18:59:28+00:00\" \/>\n<meta property=\"og:image\" content=\"https:\/\/o2couleurs.fr\/wp-content\/uploads\/2022\/02\/chrysanthemum-g085548e4e_1920.jpg\" \/>\n\t<meta property=\"og:image:width\" content=\"1920\" \/>\n\t<meta property=\"og:image:height\" content=\"1211\" \/>\n\t<meta property=\"og:image:type\" content=\"image\/jpeg\" \/>\n<meta name=\"twitter:card\" content=\"summary_large_image\" \/>\n<meta name=\"twitter:label1\" content=\"Est. reading time\" \/>\n\t<meta name=\"twitter:data1\" content=\"5 minutes\" \/>\n<script type=\"application\/ld+json\" class=\"yoast-schema-graph\">{\"@context\":\"https:\/\/schema.org\",\"@graph\":[{\"@type\":\"WebPage\",\"@id\":\"https:\/\/o2couleurs.fr\/index.php\/massage-bien-etre\/\",\"url\":\"https:\/\/o2couleurs.fr\/index.php\/massage-bien-etre\/\",\"name\":\"Massages cr\u00e2niens - \u00d42 COULEURS\",\"isPartOf\":{\"@id\":\"https:\/\/o2couleurs.fr\/#website\"},\"primaryImageOfPage\":{\"@id\":\"https:\/\/o2couleurs.fr\/index.php\/massage-bien-etre\/#primaryimage\"},\"image\":{\"@id\":\"https:\/\/o2couleurs.fr\/index.php\/massage-bien-etre\/#primaryimage\"},\"thumbnailUrl\":\"https:\/\/o2couleurs.fr\/wp-content\/uploads\/2022\/02\/chrysanthemum-g085548e4e_1920.jpg\",\"datePublished\":\"2022-02-10T17:49:15+00:00\",\"dateModified\":\"2025-01-23T18:59:28+00:00\",\"breadcrumb\":{\"@id\":\"https:\/\/o2couleurs.fr\/index.php\/massage-bien-etre\/#breadcrumb\"},\"inLanguage\":\"en-US\",\"potentialAction\":[{\"@type\":\"ReadAction\",\"target\":[\"https:\/\/o2couleurs.fr\/index.php\/massage-bien-etre\/\"]}]},{\"@type\":\"ImageObject\",\"inLanguage\":\"en-US\",\"@id\":\"https:\/\/o2couleurs.fr\/index.php\/massage-bien-etre\/#primaryimage\",\"url\":\"https:\/\/o2couleurs.fr\/wp-content\/uploads\/2022\/02\/chrysanthemum-g085548e4e_1920.jpg\",\"contentUrl\":\"https:\/\/o2couleurs.fr\/wp-content\/uploads\/2022\/02\/chrysanthemum-g085548e4e_1920.jpg\",\"width\":1920,\"height\":1211},{\"@type\":\"BreadcrumbList\",\"@id\":\"https:\/\/o2couleurs.fr\/index.php\/massage-bien-etre\/#breadcrumb\",\"itemListElement\":[{\"@type\":\"ListItem\",\"position\":1,\"name\":\"Accueil\",\"item\":\"https:\/\/o2couleurs.fr\/\"},{\"@type\":\"ListItem\",\"position\":2,\"name\":\"Massages cr\u00e2niens\"}]},{\"@type\":\"WebSite\",\"@id\":\"https:\/\/o2couleurs.fr\/#website\",\"url\":\"https:\/\/o2couleurs.fr\/\",\"name\":\"\u00d42 COULEURS\",\"description\":\"votre salon de coiffure\",\"publisher\":{\"@id\":\"https:\/\/o2couleurs.fr\/#organization\"},\"potentialAction\":[{\"@type\":\"SearchAction\",\"target\":{\"@type\":\"EntryPoint\",\"urlTemplate\":\"https:\/\/o2couleurs.fr\/?s={search_term_string}\"},\"query-input\":{\"@type\":\"PropertyValueSpecification\",\"valueRequired\":true,\"valueName\":\"search_term_string\"}}],\"inLanguage\":\"en-US\"},{\"@type\":\"Organization\",\"@id\":\"https:\/\/o2couleurs.fr\/#organization\",\"name\":\"\u00d42 COULEURS\",\"url\":\"https:\/\/o2couleurs.fr\/\",\"logo\":{\"@type\":\"ImageObject\",\"inLanguage\":\"en-US\",\"@id\":\"https:\/\/o2couleurs.fr\/#\/schema\/logo\/image\/\",\"url\":\"https:\/\/o2couleurs.fr\/wp-content\/uploads\/2023\/12\/text1.png\",\"contentUrl\":\"https:\/\/o2couleurs.fr\/wp-content\/uploads\/2023\/12\/text1.png\",\"width\":407,\"height\":110,\"caption\":\"\u00d42 COULEURS\"},\"image\":{\"@id\":\"https:\/\/o2couleurs.fr\/#\/schema\/logo\/image\/\"},\"sameAs\":[\"https:\/\/www.facebook.com\/O2Couleurs\"]}]}<\/script>\n<!-- \/ Yoast SEO plugin. -->","yoast_head_json":{"title":"Massages cr\u00e2niens - \u00d42 COULEURS","robots":{"index":"index","follow":"follow","max-snippet":"max-snippet:-1","max-image-preview":"max-image-preview:large","max-video-preview":"max-video-preview:-1"},"canonical":"https:\/\/o2couleurs.fr\/index.php\/massage-bien-etre\/","og_locale":"en_US","og_type":"article","og_title":"Massages cr\u00e2niens - \u00d42 COULEURS","og_description":"Soin shirotchampi*\u00a0 Le shirotchampi est un massage indien du cr\u00e2ne adapt\u00e9 \u00e0 tous. \u00ab Shirot \u00bb signifiant la t\u00eate et \u00ab champi \u00bb massage. Lors d\u2019une s\u00e9ance de&nbsp;Shirotshampi&nbsp;le receveur est assis sur une chaise \u00e9paules d\u00e9gag\u00e9es si possible. Cette relaxation s\u2019effectue en deux temps, la phase apaisante et la phase [&hellip;]","og_url":"https:\/\/o2couleurs.fr\/index.php\/massage-bien-etre\/","og_site_name":"\u00d42 COULEURS","article_publisher":"https:\/\/www.facebook.com\/O2Couleurs","article_modified_time":"2025-01-23T18:59:28+00:00","og_image":[{"width":1920,"height":1211,"url":"https:\/\/o2couleurs.fr\/wp-content\/uploads\/2022\/02\/chrysanthemum-g085548e4e_1920.jpg","type":"image\/jpeg"}],"twitter_card":"summary_large_image","twitter_misc":{"Est. reading time":"5 minutes"},"schema":{"@context":"https:\/\/schema.org","@graph":[{"@type":"WebPage","@id":"https:\/\/o2couleurs.fr\/index.php\/massage-bien-etre\/","url":"https:\/\/o2couleurs.fr\/index.php\/massage-bien-etre\/","name":"Massages cr\u00e2niens - \u00d42 COULEURS","isPartOf":{"@id":"https:\/\/o2couleurs.fr\/#website"},"primaryImageOfPage":{"@id":"https:\/\/o2couleurs.fr\/index.php\/massage-bien-etre\/#primaryimage"},"image":{"@id":"https:\/\/o2couleurs.fr\/index.php\/massage-bien-etre\/#primaryimage"},"thumbnailUrl":"https:\/\/o2couleurs.fr\/wp-content\/uploads\/2022\/02\/chrysanthemum-g085548e4e_1920.jpg","datePublished":"2022-02-10T17:49:15+00:00","dateModified":"2025-01-23T18:59:28+00:00","breadcrumb":{"@id":"https:\/\/o2couleurs.fr\/index.php\/massage-bien-etre\/#breadcrumb"},"inLanguage":"en-US","potentialAction":[{"@type":"ReadAction","target":["https:\/\/o2couleurs.fr\/index.php\/massage-bien-etre\/"]}]},{"@type":"ImageObject","inLanguage":"en-US","@id":"https:\/\/o2couleurs.fr\/index.php\/massage-bien-etre\/#primaryimage","url":"https:\/\/o2couleurs.fr\/wp-content\/uploads\/2022\/02\/chrysanthemum-g085548e4e_1920.jpg","contentUrl":"https:\/\/o2couleurs.fr\/wp-content\/uploads\/2022\/02\/chrysanthemum-g085548e4e_1920.jpg","width":1920,"height":1211},{"@type":"BreadcrumbList","@id":"https:\/\/o2couleurs.fr\/index.php\/massage-bien-etre\/#breadcrumb","itemListElement":[{"@type":"ListItem","position":1,"name":"Accueil","item":"https:\/\/o2couleurs.fr\/"},{"@type":"ListItem","position":2,"name":"Massages cr\u00e2niens"}]},{"@type":"WebSite","@id":"https:\/\/o2couleurs.fr\/#website","url":"https:\/\/o2couleurs.fr\/","name":"\u00d42 COULEURS","description":"votre salon de coiffure","publisher":{"@id":"https:\/\/o2couleurs.fr\/#organization"},"potentialAction":[{"@type":"SearchAction","target":{"@type":"EntryPoint","urlTemplate":"https:\/\/o2couleurs.fr\/?s={search_term_string}"},"query-input":{"@type":"PropertyValueSpecification","valueRequired":true,"valueName":"search_term_string"}}],"inLanguage":"en-US"},{"@type":"Organization","@id":"https:\/\/o2couleurs.fr\/#organization","name":"\u00d42 COULEURS","url":"https:\/\/o2couleurs.fr\/","logo":{"@type":"ImageObject","inLanguage":"en-US","@id":"https:\/\/o2couleurs.fr\/#\/schema\/logo\/image\/","url":"https:\/\/o2couleurs.fr\/wp-content\/uploads\/2023\/12\/text1.png","contentUrl":"https:\/\/o2couleurs.fr\/wp-content\/uploads\/2023\/12\/text1.png","width":407,"height":110,"caption":"\u00d42 COULEURS"},"image":{"@id":"https:\/\/o2couleurs.fr\/#\/schema\/logo\/image\/"},"sameAs":["https:\/\/www.facebook.com\/O2Couleurs"]}]}},"_links":{"self":[{"href":"https:\/\/o2couleurs.fr\/index.php\/wp-json\/wp\/v2\/pages\/89","targetHints":{"allow":["GET"]}}],"collection":[{"href":"https:\/\/o2couleurs.fr\/index.php\/wp-json\/wp\/v2\/pages"}],"about":[{"href":"https:\/\/o2couleurs.fr\/index.php\/wp-json\/wp\/v2\/types\/page"}],"author":[{"embeddable":true,"href":"https:\/\/o2couleurs.fr\/index.php\/wp-json\/wp\/v2\/users\/1"}],"replies":[{"embeddable":true,"href":"https:\/\/o2couleurs.fr\/index.php\/wp-json\/wp\/v2\/comments?post=89"}],"version-history":[{"count":35,"href":"https:\/\/o2couleurs.fr\/index.php\/wp-json\/wp\/v2\/pages\/89\/revisions"}],"predecessor-version":[{"id":1269,"href":"https:\/\/o2couleurs.fr\/index.php\/wp-json\/wp\/v2\/pages\/89\/revisions\/1269"}],"wp:featuredmedia":[{"embeddable":true,"href":"https:\/\/o2couleurs.fr\/index.php\/wp-json\/wp\/v2\/media\/90"}],"wp:attachment":[{"href":"https:\/\/o2couleurs.fr\/index.php\/wp-json\/wp\/v2\/media?parent=89"}],"curies":[{"name":"wp","href":"https:\/\/api.w.org\/{rel}","templated":true}]}}